{"id":34,"date":"2025-03-11T14:21:48","date_gmt":"2025-03-11T14:21:48","guid":{"rendered":"https:\/\/rotamgocek.com\/?page_id=34"},"modified":"2025-03-11T15:47:09","modified_gmt":"2025-03-11T15:47:09","slug":"hakkimizda","status":"publish","type":"page","link":"https:\/\/rotamgocek.com\/?page_id=34","title":{"rendered":"Hakk\u0131m\u0131zda"},"content":{"rendered":"\n<p>Biz, denizin sundu\u011fu \u00f6zg\u00fcrl\u00fc\u011f\u00fc ve huzuru en iyi \u015fekilde ya\u015famak isteyenlerin hikayesini bilen bir ekibiz. Belki de b\u00fct\u00fcn y\u0131l bu an\u0131 beklediniz ve sizin i\u00e7in ne kadar \u00f6zel oldu\u011funu biliyoruz. \u0130\u015fte bu y\u00fczden, misafirlerimizi sadece bir m\u00fc\u015fteri olarak de\u011fil, deniz tutkusunu payla\u015fan birer dost olarak g\u00f6r\u00fcyoruz.<\/p>\n\n\n\n<p>Aile s\u0131cakl\u0131\u011f\u0131nda, profesyonel hizmet sunan bir ekiple sizlere en keyifli mavi yolculuk deneyimini ya\u015fatmak i\u00e7in buraday\u0131z. G\u00f6cek\u2019in e\u015fsiz koylar\u0131nda l\u00fcks\u00fc, konforu ve samimiyeti bir arada sunarak unutulmaz an\u0131lar biriktirmenizi sa\u011fl\u0131yoruz.<\/p>\n\n\n<p><a href=\"https:\/\/rotamgocek.com\/?page_id=26\"><em>Bizimle ileti\u015fime ge\u00e7in<\/em><\/a><\/p>\n\n\n<p><\/p>\n","protected":false},"excerpt":{"rendered":"<p>Biz, denizin sundu\u011fu \u00f6zg\u00fcrl\u00fc\u011f\u00fc ve huzuru en iyi \u015fekilde ya\u015famak isteyenlerin hikayesini bilen bir ekibiz. Belki de b\u00fct\u00fcn y\u0131l bu an\u0131 beklediniz ve sizin i\u00e7in ne kadar \u00f6zel oldu\u011funu biliyoruz. \u0130\u015fte bu y\u00fczden, misafirlerimizi sadece bir m\u00fc\u015fteri olarak de\u011fil, deniz tutkusunu payla\u015fan birer dost olarak g\u00f6r\u00fcyoruz. Aile s\u0131cakl\u0131\u011f\u0131nda, profesyonel hizmet sunan bir ekiple sizlere en [&hellip;]<\/p>\n","protected":false},"author":1,"featured_media":0,"parent":0,"menu_order":0,"comment_status":"closed","ping_status":"closed","template":"","meta":{"footnotes":""},"class_list":["post-34","page","type-page","status-publish","hentry"],"_links":{"self":[{"href":"https:\/\/rotamgocek.com\/index.php?rest_route=\/wp\/v2\/pages\/34","targetHints":{"allow":["GET"]}}],"collection":[{"href":"https:\/\/rotamgocek.com\/index.php?rest_route=\/wp\/v2\/pages"}],"about":[{"href":"https:\/\/rotamgocek.com\/index.php?rest_route=\/wp\/v2\/types\/page"}],"author":[{"embeddable":true,"href":"https:\/\/rotamgocek.com\/index.php?rest_route=\/wp\/v2\/users\/1"}],"replies":[{"embeddable":true,"href":"https:\/\/rotamgocek.com\/index.php?rest_route=%2Fwp%2Fv2%2Fcomments&post=34"}],"version-history":[{"count":4,"href":"https:\/\/rotamgocek.com\/index.php?rest_route=\/wp\/v2\/pages\/34\/revisions"}],"predecessor-version":[{"id":60,"href":"https:\/\/rotamgocek.com\/index.php?rest_route=\/wp\/v2\/pages\/34\/revisions\/60"}],"wp:attachment":[{"href":"https:\/\/rotamgocek.com\/index.php?rest_route=%2Fwp%2Fv2%2Fmedia&parent=34"}],"curies":[{"name":"wp","href":"https:\/\/api.w.org\/{rel}","templated":true}]}}